{"id":340,"date":"2024-09-06T06:43:24","date_gmt":"2024-09-06T06:43:24","guid":{"rendered":"https:\/\/www.karate-berlin-2025.com\/?page_id=340"},"modified":"2024-10-22T08:07:15","modified_gmt":"2024-10-22T08:07:15","slug":"kontakt-impressum-datenschutz-xxii-itkf-traditional-karate-world-shi-ai-children-and-youth-karate-world-games","status":"publish","type":"page","link":"https:\/\/www.karate-berlin-2025.com\/en\/kontakt-impressum-datenschutz-xxii-itkf-traditional-karate-world-shi-ai-children-and-youth-karate-world-games\/","title":{"rendered":"Kontakt-Impressum-Datenschutz &#8211; XXII. ITKF Traditional Karate World Shi-ai &#038; Children and Youth Karate World Games"},"content":{"rendered":"<p>[et_pb_section fb_built=&#8220;1&#8243; _builder_version=&#8220;4.27.0&#8243; _module_preset=&#8220;default&#8220; background_color=&#8220;RGBA(255,255,255,0)&#8220; height=&#8220;0px&#8220; max_height=&#8220;50px&#8220; custom_padding=&#8220;0px||0px||false|false&#8220; global_colors_info=&#8220;{}&#8220;][\/et_pb_section][et_pb_section fb_built=&#8220;1&#8243; _builder_version=&#8220;4.27.0&#8243; _module_preset=&#8220;default&#8220; height=&#8220;0px&#8220; max_height=&#8220;50px&#8220; custom_padding=&#8220;0px||0px||false|false&#8220; global_colors_info=&#8220;{}&#8220;][\/et_pb_section][et_pb_section fb_built=&#8220;1&#8243; _builder_version=&#8220;4.27.0&#8243; _module_preset=&#8220;default&#8220; background_color=&#8220;#F8F8F7&#8243; background_image=&#8220;https:\/\/karate-berlin-2025.com\/wp-content\/uploads\/2024\/08\/bg-1.jpg&#8220; parallax=&#8220;on&#8220; background_pattern_vertical_offset=&#8220;-1%&#8220; custom_margin=&#8220;||||false|false&#8220; custom_padding=&#8220;0px||0px||true|false&#8220; global_colors_info=&#8220;{}&#8220;][et_pb_row column_structure=&#8220;1_2,1_2&#8243; use_custom_gutter=&#8220;on&#8220; gutter_width=&#8220;2&#8243; custom_padding_last_edited=&#8220;on|phone&#8220; _builder_version=&#8220;4.27.0&#8243; _module_preset=&#8220;default&#8220; background_color=&#8220;RGBA(255,255,255,0)&#8220; width=&#8220;100%&#8220; max_width=&#8220;1192px&#8220; custom_margin=&#8220;|auto||auto|false|false&#8220; custom_padding=&#8220;2.5%|4%|0%|2%|false|false&#8220; custom_padding_tablet=&#8220;1.4%|2%|23px|1%|false|false&#8220; custom_padding_phone=&#8220;7%|||0%|false|false&#8220; global_colors_info=&#8220;{}&#8220;][et_pb_column type=&#8220;1_2&#8243; _builder_version=&#8220;4.27.0&#8243; _module_preset=&#8220;default&#8220; background_color=&#8220;rgba(255,255,255,0.5)&#8220; custom_padding=&#8220;2%|3%|2%|3%|true|true&#8220; global_colors_info=&#8220;{}&#8220;][et_pb_text _builder_version=&#8220;4.27.0&#8243; _module_preset=&#8220;default&#8220; header_2_font_size=&#8220;31px&#8220; header_2_letter_spacing=&#8220;-0.06em&#8220; header_2_line_height=&#8220;1em&#8220; header_3_font_size=&#8220;22px&#8220; background_color=&#8220;RGBA(255,255,255,0)&#8220; custom_margin=&#8220;-15px|-41px||||&#8220; custom_padding=&#8220;2%|5%|||false|false&#8220; custom_padding_tablet=&#8220;2%|5%|||false|false&#8220; custom_padding_phone=&#8220;|11%||7%|false|false&#8220; custom_padding_last_edited=&#8220;on|phone&#8220; animation_style=&#8220;fade&#8220; animation_delay=&#8220;300ms&#8220; global_colors_info=&#8220;{}&#8220;]<\/p>\n<h3>Kontakt<\/h3>\n<p>Deutsche Traditionelle Shotokan-Karate F\u00f6deration e.V.<br \/>Katrin Schmidt<br \/>Gesch\u00e4ftsf\u00fchrer<br \/>Email: geschaeftsfuehrer@dtskf.de<\/p>\n<p>&nbsp;<\/p>\n<p>[\/et_pb_text][et_pb_text _builder_version=&#8220;4.27.0&#8243; _module_preset=&#8220;default&#8220; header_2_font_size=&#8220;31px&#8220; header_2_letter_spacing=&#8220;-0.06em&#8220; header_2_line_height=&#8220;1em&#8220; header_3_font_size=&#8220;22px&#8220; background_color=&#8220;RGBA(255,255,255,0)&#8220; custom_margin=&#8220;-15px|-41px||||&#8220; custom_padding=&#8220;2%|5%|||false|false&#8220; custom_padding_tablet=&#8220;2%|5%|||false|false&#8220; custom_padding_phone=&#8220;|11%||7%|false|false&#8220; custom_padding_last_edited=&#8220;on|phone&#8220; animation_style=&#8220;fade&#8220; animation_delay=&#8220;300ms&#8220; global_colors_info=&#8220;{}&#8220;]<\/p>\n<h3>Datenschutzerkl\u00e4rung<\/h3>\n<p>Geltungsbereich<br \/>Diese Datenschutzerkl\u00e4rung soll die Nutzer dieser Website gem\u00e4\u00df Bundesdatenschutzgesetz und Telemediengesetz \u00fcber die Art, den Umfang und den Zweck der Erhebung und Verwendung personenbezogener Daten durch den Websitebetreiber informieren.<br \/>Der Websitebetreiber nimmt Ihren Datenschutz sehr ernst und behandelt Ihre personenbezogenen Daten vertraulich und entsprechend der gesetzlichen Vorschriften.<br \/>Bedenken Sie, dass die Daten\u00fcbertragung im Internet grunds\u00e4tzlich mit Sicherheitsl\u00fccken bedacht sein kann. Ein vollumf\u00e4nglicher Schutz vor dem Zugriff durch Fremde ist nicht realisierbar.<\/p>\n<p>Zugriffsdaten<br \/>Der Websitebetreiber bzw. Seitenprovider erhebt Daten \u00fcber Zugriffe auf die Seite und speichert diese als \u201eServer-Logfiles\u201c ab. Folgende Daten werden so protokolliert:<br \/>\u00b7 Besuchte Website<br \/>\u00b7 Uhrzeit zum Zeitpunkt des Zugriffes<br \/>\u00b7 Menge der gesendeten Daten in Byte<br \/>\u00b7 Quelle\/Verweis, von welchem Sie auf die Seite gelangten<br \/>\u00b7 Verwendeter Browser<br \/>\u00b7 Verwendetes Betriebssystem<br \/>\u00b7 Verwendete IP-Adresse<br \/>Die erhobenen Daten dienen lediglich statistischen Auswertungen und zur Verbesserung der Website. Der Websitebetreiber beh\u00e4lt sich allerdings vor, die Server-Logfiles nachtr\u00e4glich zu \u00fcberpr\u00fcfen, sollten konkrete Anhaltspunkte auf eine rechtswidrige Nutzung hinweisen.<\/p>\n<p>Cookies.<br \/>Diese Website verwendet Cookies. Dabei handelt es sich um kleine Textdateien, welche auf Ihrem Endger\u00e4t gespeichert werden. Ihr Browser greift auf diese Dateien zu. Durch den Einsatz von Cookies erh\u00f6ht sich die Benutzerfreundlichkeit und Sicherheit dieser Website.<br \/>G\u00e4ngige Browser bieten die Einstellungsoption, Cookies nicht zuzulassen. Hinweis: Es ist nicht gew\u00e4hrleistet, dass Sie auf alle Funktionen dieser Website ohne Einschr\u00e4nkungen zugreifen k\u00f6nnen, wenn Sie entsprechende Einstellungen vornehmen.<\/p>\n<p>Umgang mit personenbezogenen Daten<br \/>Der Websitebetreiber erhebt, nutzt und gibt Ihre personenbezogenen Daten nur dann weiter, wenn dies im gesetzlichen Rahmen erlaubt ist oder Sie in die Datenerhebung einwilligen. Als personenbezogene Daten gelten s\u00e4mtliche Informationen, welche dazu dienen, Ihre Person zu bestimmen und welche zu Ihnen zur\u00fcckverfolgt werden k\u00f6nnen \u2013 also beispielsweise Ihr Name, Ihre E-Mail-Adresse und Telefonnummer.<\/p>\n<p>Umgang mit Kontaktdaten<br \/>Nehmen Sie mit dem Websitebetreiber durch die angebotenen Kontaktm\u00f6glichkeiten Verbindung auf, werden Ihre Angaben gespeichert, damit auf diese zur Bearbeitung und Beantwortung Ihrer Anfrage zur\u00fcckgegriffen werden kann. Ohne Ihre Einwilligung werden diese Daten nicht an Dritte weitergegeben.<\/p>\n<p>Rechte des Nutzers: Auskunft, Berichtigung und L\u00f6schung<br \/>Sie als Nutzer erhalten auf Antrag Ihrerseits kostenlose Auskunft dar\u00fcber, welche personenbezogenen Daten \u00fcber Sie gespeichert wurden. Sofern Ihr Wunsch nicht mit einer gesetzlichen Pflicht zur Aufbewahrung von Daten (z. B. Vorratsdatenspeicherung) kollidiert, haben Sie ein Anrecht auf Berichtigung falscher Daten und auf die Sperrung oder L\u00f6schung Ihrer personenbezogenen Daten.<\/p>\n<p>&nbsp;<\/p>\n<p>&nbsp;<\/p>\n<p>[\/et_pb_text][\/et_pb_column][et_pb_column type=&#8220;1_2&#8243; _builder_version=&#8220;4.27.0&#8243; _module_preset=&#8220;default&#8220; background_color=&#8220;rgba(255,255,255,0.5)&#8220; custom_padding=&#8220;2%|3%|2%|3%|true|true&#8220; global_colors_info=&#8220;{}&#8220;][et_pb_text _builder_version=&#8220;4.27.0&#8243; _module_preset=&#8220;default&#8220; header_2_font_size=&#8220;31px&#8220; header_2_letter_spacing=&#8220;-0.06em&#8220; header_2_line_height=&#8220;1em&#8220; header_3_font_size=&#8220;22px&#8220; background_color=&#8220;RGBA(255,255,255,0)&#8220; custom_margin=&#8220;-15px|-41px||||&#8220; custom_padding=&#8220;2%|5%|||false|false&#8220; custom_padding_tablet=&#8220;2%|5%|||false|false&#8220; custom_padding_phone=&#8220;|11%||7%|false|false&#8220; custom_padding_last_edited=&#8220;on|phone&#8220; animation_style=&#8220;fade&#8220; animation_delay=&#8220;300ms&#8220; global_colors_info=&#8220;{}&#8220;]<\/p>\n<h3>Impressum \/ Datenschutzerkl\u00e4rung<br \/>(Verantwortlicher f\u00fcr Inhalt und Datenschutz)<\/h3>\n<p>Deutsche Traditionelle Shotokan-Karate F\u00f6deration e.V.<br \/>Katrin Schmidt<br \/>Gesch\u00e4ftsf\u00fchrer<br \/>Email: geschaeftsfuehrer@dtskf.de<br \/>Vereinsregister: Amtsgericht Frankfurt Oder<br \/>VR 5647 FF<\/p>\n<p>DTSKF Facebook; Youtube; Instagram Administrator<br \/>Webmaster<br \/>Henry Krieger<br \/>Mail: <a href=\"mailto:genius_q@hotmail.com\">genius_q@hotmail.com<\/a><\/p>\n<p>Haftungsausschluss<br \/>Die Inhalte unserer Seiten wurden mit gr\u00f6\u00dfter Sorgfalt erstellt. F\u00fcr die Richtigkeit, Vollst\u00e4ndigkeit und Aktualit\u00e4t der Inhalte k\u00f6nnen wir jedoch keine Gew\u00e4hr \u00fcbernehmen.<br \/>Als Diensteanbieter sind wir gem\u00e4\u00df \u00a7 7 Abs.1 TMG f\u00fcr eigene Inhalte auf diesen Seiten nach den allgemeinen Gesetzen verantwortlich. Nach \u00a7\u00a7 8 bis 10 TMG sind wir als Diensteanbieter jedoch nicht verpflichtet, \u00fcbermittelte oder gespeicherte fremde Informationen zu \u00fcberwachen oder nach Umst\u00e4nden zu forschen, die auf eine rechtswidrige T\u00e4tigkeit hinweisen. Verpflichtungen zur Entfernung oder Sperrung der Nutzung von Informationen nach den allgemeinen Gesetzen bleiben hiervon unber\u00fchrt. Eine diesbez\u00fcgliche Haftung ist jedoch erst ab dem Zeitpunkt der Kenntnis einer konkreten Rechtsverletzung m\u00f6glich. Bei bekannt werden von entsprechenden Rechtsverletzungen werden wir diese Inhalte umgehend entfernen.<\/p>\n<p>Haftung f\u00fcr Links<br \/>Unser Angebot enth\u00e4lt Links zu externen Webseiten Dritter, auf deren Inhalte wir keinen Einfluss haben. Deshalb k\u00f6nnen wir f\u00fcr diese fremden Inhalte auch keine Gew\u00e4hr \u00fcbernehmen. F\u00fcr die Inhalte der verlinkten Seiten ist stets der jeweilige Anbieter oder Betreiber der Seiten verantwortlich. Die verlinkten Seiten wurden zum Zeitpunkt der Verlinkung auf m\u00f6gliche Rechtsverst\u00f6\u00dfe \u00fcberpr\u00fcft. Rechtswidrige Inhalte waren zum Zeitpunkt der Verlinkung nicht erkennbar. Eine permanente inhaltliche Kontrolle der verlinkten Seiten ist jedoch ohne konkrete Anhaltspunkte einer Rechtsverletzung nicht zumutbar. Bei bekannt werden von Rechtsverletzungen werden wir derartige Links umgehend entfernen.<\/p>\n<p>Urheberrecht<br \/>Die durch die Seitenbetreiber erstellten Inhalte und Werke auf diesen Seiten unterliegen dem deutschen Urheberrecht. Beitr\u00e4ge Dritter sind als solche gekennzeichnet. Die Vervielf\u00e4ltigung, Bearbeitung, Verbreitung und jede Art der Verwertung au\u00dferhalb der Grenzen des Urheberrechtes bed\u00fcrfen der schriftlichen Zustimmung des jeweiligen Autors bzw. Erstellers. Downloads und Kopien dieser Seite sind nur f\u00fcr den privaten, nicht kommerziellen Gebrauch gestattet.<br \/>Die Betreiber der Seiten sind bem\u00fcht, stets die Urheberrechte anderer zu beachten bzw. auf selbst erstellte sowie lizenzfreie Werke zur\u00fcckzugreifen.<\/p>\n<p>Datenschutz<br \/>Soweit auf unseren Seiten personenbezogene Daten (beispielsweise Name, Anschrift oder eMail-Adressen) erhoben werden, erfolgt dies soweit m\u00f6glich stets auf freiwilliger Basis. Die Nutzung der Angebote und Dienste ist, soweit m\u00f6glich, stets ohne Angabe personenbezogener Daten m\u00f6glich.<br \/>Wir weisen darauf hin, dass die Daten\u00fcbertragung im Internet (z.B. bei der Kommunikation per E-Mail) Sicherheitsl\u00fccken aufweisen kann. Ein l\u00fcckenloser Schutz der Daten vor dem Zugriff durch Dritte ist nicht m\u00f6glich.<br \/>Der Nutzung von im Rahmen der Impressumspflicht ver\u00f6ffentlichten Kontaktdaten durch Dritte zur \u00dcbersendung von nicht ausdr\u00fccklich angeforderter Werbung und Informationsmaterialien wird hiermit ausdr\u00fccklich widersprochen. Die Betreiber der Seiten behalten sich ausdr\u00fccklich rechtliche Schritte im Falle der unverlangten Zusendung von Werbeinformationen, etwa durch Spam-Mails, vor.<\/p>\n<p>Webdesign: <a href=\"https:\/\/www.ulmdesign.com\/\" target=\"_blank\" rel=\"noopener\" title=\"Designagentur f\u00fcr visuelle Kommunikation\">ulmdesign \u2013 Designagentur f\u00fcr visuelle Kommunikation<\/a><\/p>\n<p>Fotos von <a href=\"https:\/\/unsplash.com\/de\/@nguyenhung190402?utm_content=creditCopyText&amp;utm_medium=referral&amp;utm_source=unsplash\" target=\"_blank\" rel=\"noopener\">Nguyen Hung<\/a> auf <a href=\"https:\/\/unsplash.com\/de\/fotos\/eine-person-die-eine-flasche-halt-FktPF6cwIWo?utm_content=creditCopyText&amp;utm_medium=referral&amp;utm_source=unsplash\" target=\"_blank\" rel=\"noopener\">Unsplash<\/a><\/p>\n<p>[\/et_pb_text][\/et_pb_column][\/et_pb_row][\/et_pb_section][et_pb_section fb_built=&#8220;1&#8243; fullwidth=&#8220;on&#8220; _builder_version=&#8220;4.27.0&#8243; _module_preset=&#8220;default&#8220; global_colors_info=&#8220;{}&#8220;][et_pb_fullwidth_image src=&#8220;https:\/\/www.karate-berlin-2025.com\/wp-content\/uploads\/2024\/09\/Traditionelles-Karate-Berlin-Shotokan-MMA-Kinder-Jugend-2025-ITKF-Koepenick.jpg&#8220; alt=&#8220;Traditionelles-Karate-Berlin-Shotokan-MMA-Kinder-Jugend-2025-ITKF-Koepenick&#8220; title_text=&#8220;Traditionelles-Karate-Berlin-Shotokan-MMA-Kinder-Jugend-2025-ITKF-K\u00f6penick&#8220; url=&#8220;https:\/\/www.karate-berlin-2025.com&#8220; src_tablet=&#8220;https:\/\/karate-berlin-2025.com\/wp-content\/uploads\/2024\/08\/Traditionelles-Karate-Berlin-Shotokan-Kinder-Jugend-2025-ITKF-sport-event.jpg&#8220; src_phone=&#8220;https:\/\/karate-berlin-2025.com\/wp-content\/uploads\/2024\/08\/World-Shi-Ai-Berlin-2025ChildrenYouthKarateWorldGames_traditionalKarate.jpg&#8220; src_last_edited=&#8220;on|phone&#8220; _builder_version=&#8220;4.27.0&#8243; _module_preset=&#8220;default&#8220; width=&#8220;100%&#8220; module_alignment=&#8220;center&#8220; custom_margin=&#8220;||-6px|||&#8220; animation_style=&#8220;fade&#8220; global_colors_info=&#8220;{}&#8220;][\/et_pb_fullwidth_image][\/et_pb_section]<\/p>\n","protected":false},"excerpt":{"rendered":"<p>Kontakt Deutsche Traditionelle Shotokan-Karate F\u00f6deration e.V.Katrin SchmidtGesch\u00e4ftsf\u00fchrerEmail: geschaeftsfuehrer@dtskf.de &nbsp;Datenschutzerkl\u00e4rung GeltungsbereichDiese Datenschutzerkl\u00e4rung soll die Nutzer dieser Website gem\u00e4\u00df Bundesdatenschutzgesetz und Telemediengesetz \u00fcber die Art, den Umfang und den Zweck der Erhebung und Verwendung personenbezogener Daten durch den Websitebetreiber informieren.Der Websitebetreiber nimmt Ihren Datenschutz sehr ernst und behandelt Ihre personenbezogenen Daten vertraulich und entsprechend der gesetzlichen Vorschriften.Bedenken [&hellip;]<\/p>\n","protected":false},"author":1,"featured_media":0,"parent":0,"menu_order":0,"comment_status":"closed","ping_status":"closed","template":"","meta":{"_et_pb_use_builder":"on","_et_pb_old_content":"","_et_gb_content_width":"","footnotes":""},"class_list":["post-340","page","type-page","status-publish","hentry"],"_links":{"self":[{"href":"https:\/\/www.karate-berlin-2025.com\/en\/wp-json\/wp\/v2\/pages\/340","targetHints":{"allow":["GET"]}}],"collection":[{"href":"https:\/\/www.karate-berlin-2025.com\/en\/wp-json\/wp\/v2\/pages"}],"about":[{"href":"https:\/\/www.karate-berlin-2025.com\/en\/wp-json\/wp\/v2\/types\/page"}],"author":[{"embeddable":true,"href":"https:\/\/www.karate-berlin-2025.com\/en\/wp-json\/wp\/v2\/users\/1"}],"replies":[{"embeddable":true,"href":"https:\/\/www.karate-berlin-2025.com\/en\/wp-json\/wp\/v2\/comments?post=340"}],"version-history":[{"count":12,"href":"https:\/\/www.karate-berlin-2025.com\/en\/wp-json\/wp\/v2\/pages\/340\/revisions"}],"predecessor-version":[{"id":1043,"href":"https:\/\/www.karate-berlin-2025.com\/en\/wp-json\/wp\/v2\/pages\/340\/revisions\/1043"}],"wp:attachment":[{"href":"https:\/\/www.karate-berlin-2025.com\/en\/wp-json\/wp\/v2\/media?parent=340"}],"curies":[{"name":"wp","href":"https:\/\/api.w.org\/{rel}","templated":true}]}}