{"id":368,"date":"2024-09-23T18:28:53","date_gmt":"2024-09-23T18:28:53","guid":{"rendered":"https:\/\/www.karate-berlin-2025.com\/?page_id=368"},"modified":"2025-12-15T11:56:21","modified_gmt":"2025-12-15T11:56:21","slug":"home-2","status":"publish","type":"page","link":"https:\/\/www.karate-berlin-2025.com\/en\/","title":{"rendered":"Home &#8211; XXII. Karate World Shi-ai Berlin &#038; Children and Youth Karate World Games 2025"},"content":{"rendered":"<p>[et_pb_section fb_built=&#8220;1&#8243; _builder_version=&#8220;4.27.0&#8243; _module_preset=&#8220;default&#8220; background_color=&#8220;#F8F8F7&#8243; background_image=&#8220;https:\/\/karate-berlin-2025.com\/wp-content\/uploads\/2024\/08\/bg-1.jpg&#8220; parallax=&#8220;on&#8220; background_pattern_vertical_offset=&#8220;-1%&#8220; custom_margin=&#8220;||||false|false&#8220; custom_padding=&#8220;0px||0px||true|false&#8220; global_colors_info=&#8220;{}&#8220;][et_pb_row column_structure=&#8220;2_3,1_3&#8243; use_custom_gutter=&#8220;on&#8220; gutter_width=&#8220;2&#8243; custom_padding_last_edited=&#8220;on|phone&#8220; _builder_version=&#8220;4.27.0&#8243; _module_preset=&#8220;default&#8220; background_color=&#8220;RGBA(255,255,255,0)&#8220; width=&#8220;100%&#8220; max_width=&#8220;1192px&#8220; custom_margin=&#8220;|auto||auto|false|false&#8220; custom_padding=&#8220;2.5%|4%|0%|2%|false|false&#8220; custom_padding_tablet=&#8220;1.4%|2%|23px|1%|false|false&#8220; custom_padding_phone=&#8220;7%|||0%|false|false&#8220; global_colors_info=&#8220;{}&#8220;][et_pb_column type=&#8220;2_3&#8243; _builder_version=&#8220;4.27.0&#8243; _module_preset=&#8220;default&#8220; background_color=&#8220;rgba(255,255,255,0.5)&#8220; custom_padding=&#8220;2%|3%|2%|3%|true|true&#8220; global_colors_info=&#8220;{}&#8220;][et_pb_text _builder_version=&#8220;4.27.4&#8243; _module_preset=&#8220;default&#8220; header_2_font_size=&#8220;31px&#8220; header_2_letter_spacing=&#8220;-0.06em&#8220; header_2_line_height=&#8220;1em&#8220; header_3_font_size=&#8220;22px&#8220; background_color=&#8220;RGBA(255,255,255,0)&#8220; custom_margin=&#8220;-15px|-41px||||&#8220; custom_padding=&#8220;2%|5%|||false|false&#8220; custom_padding_tablet=&#8220;2%|5%|||false|false&#8220; custom_padding_phone=&#8220;|11%||7%|false|false&#8220; custom_padding_last_edited=&#8220;on|phone&#8220; animation_style=&#8220;fade&#8220; animation_delay=&#8220;300ms&#8220; global_colors_info=&#8220;{}&#8220;]<\/p>\n<h2>Liebe Karatekas, Nachwuchstalente,<br \/>Sportbegeisterte und Karate-Fans,<\/h2>\n<p>wir freuen uns, Euch zum <strong>XXII. ITKF Traditional Karate World Shi-ai <\/strong>und den <strong>Children and Youth Karate World Games 2025 in Berlin<\/strong> einzuladen!<\/p>\n<p>Vom <strong>10. bis 13. April 2025<\/strong> wird die deutsche Hauptstadt Berlin zum Zentrum des traditionellen Karate, wo sich Athleten und Athletinnen aus aller Welt messen und ihre F\u00e4higkeiten unter Beweis stellen. Egal ob erfahrener K\u00e4mpfer oder Nachwuchstalent \u2013 zeigt Euer K\u00f6nnen, Eure Disziplin und Euren Kampfgeist in spannenden Wettk\u00e4mpfen auf h\u00f6chstem Niveau. Nutzt die Gelegenheit, Euch mit den besten Karatekas der Welt zu messen und wertvolle Erfahrungen zu sammeln.<\/p>\n<h3>Erlebe taditionelles Karate in Berlin &#8211; Karate in seiner reinen Form<\/h3>\n<p>Erlebt Karate in seiner reinen, traditionellen Form: dynamisch, kraftvoll und voller Leidenschaft! Lasst Euch von packenden K\u00e4mpfen, beeindruckenden Kata-Vorf\u00fchrungen und der mitrei\u00dfenden Atmosph\u00e4re begeistern. Seid dabei, wenn die Besten der Besten um die Titel in Berlin-K\u00f6penick k\u00e4mpfen!<\/p>\n<h3>Ein Sport-Event, ein Wettkampf voller sportlicher Highlights erwartet euch in Berlin-K\u00f6penick!<\/h3>\n<p>Freut Euch auf ein Sport-Event, auf eine Veranstalltung voller sportlicher Highlights, fairem internationalem Wettkampf und kultureller Begegnungen. Ob als Teilnehmer oder Zuschauer der Meisterschaften \u2013 werdet Teil dieses Karate-Erlebnisses!<\/p>\n<p>Wir freuen uns auf Euch und auf spannende Wettk\u00e4mpfe!<\/p>\n<p>Mit sportlichen Gr\u00fc\u00dfen,<br \/>Das Orga Team Berlin<\/p>\n<p>&nbsp;<\/p>\n<h3>Save the Date: 10. &#8211; 13. April 2025 &#8211; Berlin ruft!<\/h3>\n<p>[\/et_pb_text][\/et_pb_column][et_pb_column type=&#8220;1_3&#8243; _builder_version=&#8220;4.27.0&#8243; _module_preset=&#8220;default&#8220; background_color=&#8220;RGBA(255,255,255,0)&#8220; custom_padding=&#8220;1%|0px||0px|false|false&#8220; global_colors_info=&#8220;{}&#8220;][et_pb_countdown_timer title=&#8220;10. bis 13. April 2025&#8243; date_time=&#8220;2025-04-10 15:00&#8243; _builder_version=&#8220;4.27.4&#8243; _module_preset=&#8220;default&#8220; header_level=&#8220;h1&#8243; header_font=&#8220;Barlow|600|||||||&#8220; header_font_size=&#8220;20px&#8220; header_letter_spacing=&#8220;-0.05em&#8220; numbers_font=&#8220;Barlow Condensed|600|||||||&#8220; numbers_font_size=&#8220;52px&#8220; numbers_letter_spacing=&#8220;-0.04em&#8220; separator_font=&#8220;Barlow|100|||||||&#8220; separator_font_size=&#8220;31px&#8220; label_font=&#8220;Barlow Condensed||||||||&#8220; label_font_size=&#8220;15px&#8220; background_color=&#8220;#ffffff&#8220; background_image=&#8220;https:\/\/karate-berlin-2025.com\/wp-content\/uploads\/2024\/08\/Karate-traditionell-shotokan-berlin.jpg&#8220; background_blend=&#8220;multiply&#8220; width=&#8220;100%&#8220; max_width=&#8220;100%&#8220; height=&#8220;289px&#8220; custom_margin=&#8220;48px||17px||false|false&#8220; custom_margin_tablet=&#8220;48px||17px||false|false&#8220; custom_margin_phone=&#8220;0px||||false|false&#8220; custom_margin_last_edited=&#8220;on|phone&#8220; custom_padding=&#8220;28%|0px|28%|0px|true|false&#8220; custom_padding_tablet=&#8220;35%|0px|35%|0px|true|false&#8220; custom_padding_phone=&#8220;35%|0px|35%|0px|true|false&#8220; custom_padding_last_edited=&#8220;on|phone&#8220; animation_style=&#8220;fade&#8220; animation_delay=&#8220;650ms&#8220; link_option_url=&#8220;https:\/\/karate-berlin-michael-bock.com\/&#8220; link_option_url_new_window=&#8220;on&#8220; header_text_shadow_style=&#8220;preset5&#8243; header_text_shadow_horizontal_length=&#8220;-0.21em&#8220; text_shadow_style=&#8220;preset3&#8243; global_colors_info=&#8220;{}&#8220;][\/et_pb_countdown_timer][et_pb_image src=&#8220;https:\/\/www.karate-berlin-2025.com\/wp-content\/uploads\/2024\/09\/ITKF-1.jpg&#8220; alt=&#8220;International Traditional Karate Federation&#8220; title_text=&#8220;International Traditional Karate Federation&#8220; url=&#8220;https:\/\/itkf.org\/&#8220; url_new_window=&#8220;on&#8220; align=&#8220;center&#8220; _builder_version=&#8220;4.27.0&#8243; _module_preset=&#8220;default&#8220; background_color=&#8220;rgba(255,255,255,0.43)&#8220; height=&#8220;56px&#8220; custom_margin=&#8220;||15px|||&#8220; custom_padding=&#8220;4%||4%||false|false&#8220; global_colors_info=&#8220;{}&#8220;][\/et_pb_image][et_pb_image src=&#8220;https:\/\/karate-berlin-2025.com\/wp-content\/uploads\/2024\/08\/DTSKF-5.png&#8220; alt=&#8220;Logo der Deutschen Traditionellen Shotokan F\u00f6rderartion e.V.&#8220; title_text=&#8220;Deutsche Traditionelle Shotokan F\u00f6rderartion e.V.&#8220; url=&#8220;https:\/\/www.dtskf.de\/&#8220; url_new_window=&#8220;on&#8220; align=&#8220;center&#8220; _builder_version=&#8220;4.27.2&#8243; _module_preset=&#8220;default&#8220; background_color=&#8220;rgba(255,255,255,0.43)&#8220; height=&#8220;84px&#8220; custom_margin=&#8220;||15px|||&#8220; custom_padding=&#8220;1%||2%||false|false&#8220; global_colors_info=&#8220;{}&#8220;][\/et_pb_image][et_pb_image src=&#8220;https:\/\/www.karate-berlin-2025.com\/wp-content\/uploads\/2024\/12\/TCKB_Karate-Berlin.png&#8220; alt=&#8220;Traditioneller Kampfsportclub Berlin &#8211; TKCB Karate Berlin&#8220; title_text=&#8220;Traditioneller Kampfsportclub Berlin &#8211; TKCB &#8211; Karate Berlin&#8220; url=&#8220;https:\/\/www.tkcb.de\/&#8220; url_new_window=&#8220;on&#8220; align=&#8220;center&#8220; _builder_version=&#8220;4.27.4&#8243; _module_preset=&#8220;default&#8220; background_color=&#8220;rgba(255,255,255,0.42)&#8220; height=&#8220;77px&#8220; custom_margin=&#8220;||15px|||&#8220; custom_padding=&#8220;6%||5%||false|false&#8220; global_colors_info=&#8220;{}&#8220;][\/et_pb_image][et_pb_image src=&#8220;https:\/\/www.karate-berlin-2025.com\/wp-content\/uploads\/2025\/12\/MichaelBock-TraditionalKarateBerlin-Germany.png&#8220; alt=&#8220;Sensei  Michael Bock &#8211; General Secretary of ITKF&#8220; title_text=&#8220;Sensei  Michael Bock &#8211; General Secretary of ITKF&#8220; url=&#8220;https:\/\/karate-berlin-michael-bock.com\/&#8220; url_new_window=&#8220;on&#8220; align=&#8220;center&#8220; _builder_version=&#8220;4.27.5&#8243; _module_preset=&#8220;default&#8220; background_color=&#8220;rgba(255,255,255,0.42)&#8220; height=&#8220;77px&#8220; custom_margin=&#8220;||15px|||&#8220; custom_padding=&#8220;6%||5%||false|false&#8220; hover_enabled=&#8220;0&#8243; global_colors_info=&#8220;{}&#8220; sticky_enabled=&#8220;0&#8243;][\/et_pb_image][et_pb_text _builder_version=&#8220;4.27.2&#8243; _module_preset=&#8220;default&#8220; text_text_color=&#8220;#FFFFFF&#8220; text_font_size=&#8220;26px&#8220; text_letter_spacing=&#8220;-0.03em&#8220; background_color=&#8220;#2c83ab&#8220; background_enable_pattern_style=&#8220;on&#8220; background_pattern_style=&#8220;diagonal-stripes&#8220; background_pattern_color=&#8220;rgba(255,255,255,0.07)&#8220; background_pattern_size=&#8220;custom&#8220; background_pattern_width=&#8220;86px&#8220; custom_margin=&#8220;||20px||false|false&#8220; custom_padding=&#8220;9%|12%|9%|12%|true|true&#8220; animation_style=&#8220;fade&#8220; link_option_url=&#8220;#info&#8220; text_text_shadow_style=&#8220;preset2&#8243; global_colors_info=&#8220;{}&#8220; transform_styles__hover_enabled=&#8220;on|hover&#8220; transform_scale__hover_enabled=&#8220;on|hover&#8220; transform_translate__hover_enabled=&#8220;on|desktop&#8220; transform_rotate__hover_enabled=&#8220;on|desktop&#8220; transform_skew__hover_enabled=&#8220;on|desktop&#8220; transform_origin__hover_enabled=&#8220;on|desktop&#8220; transform_scale__hover=&#8220;103%|103%&#8220;]<\/p>\n<p style=\"text-align: center;\">F\u00fcr <strong>aktuelle Infos<\/strong> schaut<br \/>wieder hier vorbei!<\/p>\n<p>[\/et_pb_text][\/et_pb_column][\/et_pb_row][et_pb_row _builder_version=&#8220;4.27.0&#8243; _module_preset=&#8220;default&#8220; background_image=&#8220;https:\/\/www.karate-berlin-2025.com\/wp-content\/uploads\/2024\/09\/bg_slide_2y.jpg&#8220; parallax=&#8220;on&#8220; background_enable_pattern_style=&#8220;on&#8220; background_pattern_style=&#8220;diagonal-stripes&#8220; background_pattern_color=&#8220;rgba(248,248,247,0.05)&#8220; background_pattern_size=&#8220;custom&#8220; background_pattern_width=&#8220;94px&#8220; width=&#8220;100%&#8220; max_width=&#8220;2560px&#8220; height=&#8220;390px&#8220; global_colors_info=&#8220;{}&#8220;][et_pb_column type=&#8220;4_4&#8243; _builder_version=&#8220;4.27.0&#8243; _module_preset=&#8220;default&#8220; global_colors_info=&#8220;{}&#8220;][et_pb_text _builder_version=&#8220;4.27.0&#8243; _module_preset=&#8220;default&#8220; text_text_color=&#8220;#FFFFFF&#8220; link_text_color=&#8220;#C3006A&#8220; header_font=&#8220;Barlow|700|||||||&#8220; header_text_color=&#8220;#FFFFFF&#8220; header_font_size=&#8220;45px&#8220; header_letter_spacing=&#8220;-0.03em&#8220; header_line_height=&#8220;0.7em&#8220; header_2_font=&#8220;Barlow|500|||||||&#8220; header_2_text_color=&#8220;#FFFFFF&#8220; header_2_font_size=&#8220;29px&#8220; header_2_line_height=&#8220;0.8em&#8220; custom_padding=&#8220;8.5%||||false|false&#8220; animation_style=&#8220;fade&#8220; animation_delay=&#8220;800ms&#8220; global_colors_info=&#8220;{}&#8220;]<\/p>\n<h2 style=\"text-align: center;\">Erlebe traditionelles Karate.<\/h2>\n<h1 style=\"text-align: center;\">BERLIN, 10.-13.April 2025<\/h1>\n<h1 class=\"entry-title\" style=\"text-align: center;\">Merlitz-Sporthalle, Berlin ,Treptow-K\u00f6penick<\/h1>\n<p style=\"text-align: center;\">Standort bei Google Maps <a href=\"https:\/\/www.google.com\/maps\/place\/Merlitzhalle\/@52.4334842,13.5338083,17z\/data=!3m2!4b1!5s0x47a8462f7c325af1:0x12bfd1b34d3973ac!4m6!3m5!1s0x47a8462f7dde3735:0x13a595bc9549a69e!8m2!3d52.4334842!4d13.5338083!16s%2Fg%2F11hzxl733m?entry=ttu&amp;g_ep=EgoyMDI0MDkyOS4wIKXMDSoASAFQAw%3D%3D\" target=\"_blank\" rel=\"noopener\">hier<\/a><\/p>\n<p>[\/et_pb_text][\/et_pb_column][\/et_pb_row][\/et_pb_section][et_pb_section fb_built=&#8220;1&#8243; module_id=&#8220;info&#8220; _builder_version=&#8220;4.27.0&#8243; _module_preset=&#8220;default&#8220; background_image=&#8220;https:\/\/www.karate-berlin-2025.com\/wp-content\/uploads\/2024\/08\/bg-1.jpg&#8220; parallax=&#8220;on&#8220; custom_padding=&#8220;29px||29px|||&#8220; global_colors_info=&#8220;{}&#8220;][et_pb_row use_custom_gutter=&#8220;on&#8220; gutter_width=&#8220;1&#8243; make_equal=&#8220;on&#8220; _builder_version=&#8220;4.27.0&#8243; _module_preset=&#8220;default&#8220; custom_margin=&#8220;|auto|-12px|auto||&#8220; custom_padding=&#8220;||5px|||&#8220; global_colors_info=&#8220;{}&#8220;][et_pb_column type=&#8220;4_4&#8243; _builder_version=&#8220;4.27.0&#8243; _module_preset=&#8220;default&#8220; global_colors_info=&#8220;{}&#8220;][et_pb_blog fullwidth=&#8220;off&#8220; posts_number=&#8220;12&#8243; include_categories=&#8220;5&#8243; show_thumbnail=&#8220;off&#8220; excerpt_length=&#8220;220&#8243; show_more=&#8220;on&#8220; show_author=&#8220;off&#8220; show_date=&#8220;off&#8220; show_categories=&#8220;off&#8220; show_pagination=&#8220;off&#8220; masonry_tile_background_color=&#8220;rgba(248,248,247,0.29)&#8220; _builder_version=&#8220;4.27.4&#8243; _module_preset=&#8220;default&#8220; header_font=&#8220;Barlow|700|||||||&#8220; header_font_size=&#8220;25px&#8220; header_letter_spacing=&#8220;-0.05em&#8220; body_font=&#8220;Barlow Condensed|300|||||||&#8220; body_text_color=&#8220;#110706&#8243; body_font_size=&#8220;23px&#8220; meta_font=&#8220;Barlow Condensed||||||||&#8220; meta_text_color=&#8220;#2C83AB&#8220; meta_font_size=&#8220;18px&#8220; read_more_font=&#8220;||on||||||&#8220; read_more_text_color=&#8220;#C3006A&#8220; read_more_line_height=&#8220;1.8em&#8220; custom_padding=&#8220;||0px||false|false&#8220; border_color_all=&#8220;rgba(221,214,208,0.34)&#8220; global_colors_info=&#8220;{}&#8220; transform_styles__hover_enabled=&#8220;on|hover&#8220; transform_scale__hover_enabled=&#8220;on|hover&#8220; transform_translate__hover_enabled=&#8220;on|desktop&#8220; transform_rotate__hover_enabled=&#8220;on|desktop&#8220; transform_skew__hover_enabled=&#8220;on|desktop&#8220; transform_origin__hover_enabled=&#8220;on|desktop&#8220; transform_scale__hover=&#8220;102%|102%&#8220;][\/et_pb_blog][\/et_pb_column][\/et_pb_row][et_pb_row column_structure=&#8220;1_4,1_4,1_4,1_4&#8243; _builder_version=&#8220;4.27.0&#8243; _module_preset=&#8220;default&#8220; custom_margin=&#8220;|auto|-5px|auto||&#8220; custom_padding=&#8220;||17px|||&#8220; global_colors_info=&#8220;{}&#8220;][et_pb_column type=&#8220;1_4&#8243; _builder_version=&#8220;4.27.0&#8243; _module_preset=&#8220;default&#8220; global_colors_info=&#8220;{}&#8220;][et_pb_text _builder_version=&#8220;4.27.0&#8243; _dynamic_attributes=&#8220;link_option_url&#8220; _module_preset=&#8220;default&#8220; text_text_color=&#8220;#FFFFFF&#8220; text_font_size=&#8220;24px&#8220; text_letter_spacing=&#8220;-0.03em&#8220; background_color=&#8220;#A6B822&#8243; background_enable_pattern_style=&#8220;on&#8220; background_pattern_style=&#8220;diagonal-stripes&#8220; background_pattern_color=&#8220;rgba(255,255,255,0.07)&#8220; background_pattern_size=&#8220;custom&#8220; background_pattern_width=&#8220;86px&#8220; custom_margin=&#8220;||20px||false|false&#8220; custom_padding=&#8220;14%|12%|14%|12%|true|true&#8220; animation_style=&#8220;fade&#8220; link_option_url=&#8220;@ET-DC@eyJkeW5hbWljIjp0cnVlLCJjb250ZW50IjoicG9zdF9saW5rX3VybF9wb3N0Iiwic2V0dGluZ3MiOnsicG9zdF9pZCI6Ijg2MyJ9fQ==@&#8220; text_text_shadow_style=&#8220;preset2&#8243; global_colors_info=&#8220;{}&#8220; transform_styles__hover_enabled=&#8220;on|hover&#8220; transform_scale__hover_enabled=&#8220;on|hover&#8220; transform_translate__hover_enabled=&#8220;on|desktop&#8220; transform_rotate__hover_enabled=&#8220;on|desktop&#8220; transform_skew__hover_enabled=&#8220;on|desktop&#8220; transform_origin__hover_enabled=&#8220;on|desktop&#8220; transform_scale__hover=&#8220;105%|105%&#8220;]<\/p>\n<p style=\"text-align: center;\"><strong>Downlods<\/strong> hier.<\/p>\n<p>[\/et_pb_text][\/et_pb_column][et_pb_column type=&#8220;1_4&#8243; _builder_version=&#8220;4.27.0&#8243; _module_preset=&#8220;default&#8220; global_colors_info=&#8220;{}&#8220;][et_pb_text _builder_version=&#8220;4.27.0&#8243; _dynamic_attributes=&#8220;link_option_url&#8220; _module_preset=&#8220;default&#8220; text_text_color=&#8220;#FFFFFF&#8220; text_font_size=&#8220;24px&#8220; text_letter_spacing=&#8220;-0.03em&#8220; background_color=&#8220;#C3006A&#8220; background_enable_pattern_style=&#8220;on&#8220; background_pattern_style=&#8220;diagonal-stripes&#8220; background_pattern_color=&#8220;rgba(255,255,255,0.07)&#8220; background_pattern_size=&#8220;custom&#8220; background_pattern_width=&#8220;86px&#8220; custom_margin=&#8220;||20px||false|false&#8220; custom_padding=&#8220;14%|12%|14%|12%|true|true&#8220; animation_style=&#8220;fade&#8220; link_option_url=&#8220;@ET-DC@eyJkeW5hbWljIjp0cnVlLCJjb250ZW50IjoicG9zdF9saW5rX3VybF9wYWdlIiwic2V0dGluZ3MiOnsicG9zdF9pZCI6IjgwOSJ9fQ==@&#8220; text_text_shadow_style=&#8220;preset2&#8243; global_colors_info=&#8220;{}&#8220; transform_styles__hover_enabled=&#8220;on|desktop&#8220; transform_scale__hover_enabled=&#8220;on|desktop&#8220; transform_translate__hover_enabled=&#8220;on|desktop&#8220; transform_rotate__hover_enabled=&#8220;on|desktop&#8220; transform_skew__hover_enabled=&#8220;on|desktop&#8220; transform_origin__hover_enabled=&#8220;on|desktop&#8220; transform_scale__hover=&#8220;105%|105%&#8220;]<\/p>\n<p style=\"text-align: center;\"><strong>Hotelinfos<\/strong> hier.<\/p>\n<p>[\/et_pb_text][\/et_pb_column][et_pb_column type=&#8220;1_4&#8243; _builder_version=&#8220;4.27.0&#8243; _module_preset=&#8220;default&#8220; global_colors_info=&#8220;{}&#8220;][et_pb_text _builder_version=&#8220;4.27.0&#8243; _dynamic_attributes=&#8220;link_option_url&#8220; _module_preset=&#8220;default&#8220; text_text_color=&#8220;#FFFFFF&#8220; text_font_size=&#8220;24px&#8220; text_letter_spacing=&#8220;-0.03em&#8220; background_color=&#8220;#2c83ab&#8220; background_enable_pattern_style=&#8220;on&#8220; background_pattern_style=&#8220;diagonal-stripes&#8220; background_pattern_color=&#8220;rgba(255,255,255,0.07)&#8220; background_pattern_size=&#8220;custom&#8220; background_pattern_width=&#8220;86px&#8220; custom_margin=&#8220;||20px||false|false&#8220; custom_padding=&#8220;14%|12%|14%|12%|true|true&#8220; animation_style=&#8220;fade&#8220; link_option_url=&#8220;@ET-DC@eyJkeW5hbWljIjp0cnVlLCJjb250ZW50IjoicG9zdF9saW5rX3VybF9wYWdlIiwic2V0dGluZ3MiOnsicG9zdF9pZCI6IjgwMCJ9fQ==@&#8220; text_text_shadow_style=&#8220;preset2&#8243; global_colors_info=&#8220;{}&#8220; transform_styles__hover_enabled=&#8220;on|hover&#8220; transform_scale__hover_enabled=&#8220;on|hover&#8220; transform_translate__hover_enabled=&#8220;on|desktop&#8220; transform_rotate__hover_enabled=&#8220;on|desktop&#8220; transform_skew__hover_enabled=&#8220;on|desktop&#8220; transform_origin__hover_enabled=&#8220;on|desktop&#8220; transform_scale__hover=&#8220;105%|105%&#8220;]<\/p>\n<p style=\"text-align: center;\"><strong>Sayonara Party<br \/><\/strong><\/p>\n<p>[\/et_pb_text][\/et_pb_column][et_pb_column type=&#8220;1_4&#8243; _builder_version=&#8220;4.27.0&#8243; _module_preset=&#8220;default&#8220; global_colors_info=&#8220;{}&#8220;][et_pb_text _builder_version=&#8220;4.27.0&#8243; _dynamic_attributes=&#8220;link_option_url&#8220; _module_preset=&#8220;default&#8220; text_text_color=&#8220;#FFFFFF&#8220; text_font_size=&#8220;24px&#8220; text_letter_spacing=&#8220;-0.03em&#8220; background_color=&#8220;#1A3A46&#8243; background_enable_pattern_style=&#8220;on&#8220; background_pattern_style=&#8220;diagonal-stripes&#8220; background_pattern_color=&#8220;rgba(255,255,255,0.03)&#8220; background_pattern_size=&#8220;custom&#8220; background_pattern_width=&#8220;86px&#8220; custom_margin=&#8220;||20px||false|false&#8220; custom_padding=&#8220;14%|12%|14%|12%|true|true&#8220; animation_style=&#8220;fade&#8220; link_option_url=&#8220;@ET-DC@eyJkeW5hbWljIjp0cnVlLCJjb250ZW50IjoicG9zdF9saW5rX3VybF9wYWdlIiwic2V0dGluZ3MiOnsicG9zdF9pZCI6Ijc5MCJ9fQ==@&#8220; text_text_shadow_style=&#8220;preset2&#8243; global_colors_info=&#8220;{}&#8220; transform_styles__hover_enabled=&#8220;on|hover&#8220; transform_scale__hover_enabled=&#8220;on|hover&#8220; transform_translate__hover_enabled=&#8220;on|desktop&#8220; transform_rotate__hover_enabled=&#8220;on|desktop&#8220; transform_skew__hover_enabled=&#8220;on|desktop&#8220; transform_origin__hover_enabled=&#8220;on|desktop&#8220; transform_scale__hover=&#8220;105%|105%&#8220;]<\/p>\n<p style=\"text-align: center;\"><strong>mehr Infos\u00a0<\/strong> hier.<\/p>\n<p>[\/et_pb_text][\/et_pb_column][\/et_pb_row][et_pb_row _builder_version=&#8220;4.27.4&#8243; _module_preset=&#8220;default&#8220; global_colors_info=&#8220;{}&#8220;][et_pb_column type=&#8220;4_4&#8243; _builder_version=&#8220;4.27.4&#8243; _module_preset=&#8220;default&#8220; global_colors_info=&#8220;{}&#8220;][et_pb_video src=&#8220;https:\/\/youtu.be\/QlreCQritW4?feature=shared&#8220; _builder_version=&#8220;4.27.4&#8243; _module_preset=&#8220;default&#8220; width=&#8220;60%&#8220; module_alignment=&#8220;center&#8220; global_colors_info=&#8220;{}&#8220;][\/et_pb_video][et_pb_text _builder_version=&#8220;4.27.4&#8243; _module_preset=&#8220;default&#8220; global_colors_info=&#8220;{}&#8220;]<\/p>\n<p style=\"text-align: center;\">For more videos visit our You Tube Channel. <a href=\"https:\/\/www.youtube.com\/@KarateWorldShi-aiBerlin2025\" target=\"_blank\" rel=\"noopener\">Here<\/a><\/p>\n<p>[\/et_pb_text][\/et_pb_column][\/et_pb_row][\/et_pb_section][et_pb_section fb_built=&#8220;1&#8243; fullwidth=&#8220;on&#8220; _builder_version=&#8220;4.27.0&#8243; _module_preset=&#8220;default&#8220; global_colors_info=&#8220;{}&#8220;][et_pb_fullwidth_image src=&#8220;https:\/\/karate-berlin-2025.com\/wp-content\/uploads\/2024\/08\/Traditionelles-Karate-Berlin-Shotokan-Kinder-Jugend-2025-ITKF-sport-event.jpg&#8220; alt=&#8220;XXII. ITKF Traditional Karate World Shi-ai und Children and Youth Karate World Games 2025 Berlin&#8220; title_text=&#8220;Traditionelles-Karate-Berlin-Shotokan-Kinder-Jugend-2025-ITKF-sport-event&#8220; src_tablet=&#8220;https:\/\/karate-berlin-2025.com\/wp-content\/uploads\/2024\/08\/Traditionelles-Karate-Berlin-Shotokan-Kinder-Jugend-2025-ITKF-sport-event.jpg&#8220; src_phone=&#8220;https:\/\/karate-berlin-2025.com\/wp-content\/uploads\/2024\/08\/World-Shi-Ai-Berlin-2025ChildrenYouthKarateWorldGames_traditionalKarate.jpg&#8220; src_last_edited=&#8220;on|phone&#8220; _builder_version=&#8220;4.27.0&#8243; _module_preset=&#8220;default&#8220; width=&#8220;100%&#8220; module_alignment=&#8220;center&#8220; animation_style=&#8220;fade&#8220; global_colors_info=&#8220;{}&#8220;][\/et_pb_fullwidth_image][\/et_pb_section]<\/p>\n","protected":false},"excerpt":{"rendered":"<p>Liebe Karatekas, Nachwuchstalente,Sportbegeisterte und Karate-Fans, wir freuen uns, Euch zum XXII. ITKF Traditional Karate World Shi-ai und den Children and Youth Karate World Games 2025 in Berlin einzuladen! Vom 10. bis 13. April 2025 wird die deutsche Hauptstadt Berlin zum Zentrum des traditionellen Karate, wo sich Athleten und Athletinnen aus aller Welt messen und ihre [&hellip;]<\/p>\n","protected":false},"author":1,"featured_media":0,"parent":0,"menu_order":0,"comment_status":"closed","ping_status":"closed","template":"","meta":{"_et_pb_use_builder":"on","_et_pb_old_content":"","_et_gb_content_width":"","footnotes":""},"class_list":["post-368","page","type-page","status-publish","hentry"],"_links":{"self":[{"href":"https:\/\/www.karate-berlin-2025.com\/en\/wp-json\/wp\/v2\/pages\/368","targetHints":{"allow":["GET"]}}],"collection":[{"href":"https:\/\/www.karate-berlin-2025.com\/en\/wp-json\/wp\/v2\/pages"}],"about":[{"href":"https:\/\/www.karate-berlin-2025.com\/en\/wp-json\/wp\/v2\/types\/page"}],"author":[{"embeddable":true,"href":"https:\/\/www.karate-berlin-2025.com\/en\/wp-json\/wp\/v2\/users\/1"}],"replies":[{"embeddable":true,"href":"https:\/\/www.karate-berlin-2025.com\/en\/wp-json\/wp\/v2\/comments?post=368"}],"version-history":[{"count":101,"href":"https:\/\/www.karate-berlin-2025.com\/en\/wp-json\/wp\/v2\/pages\/368\/revisions"}],"predecessor-version":[{"id":1488,"href":"https:\/\/www.karate-berlin-2025.com\/en\/wp-json\/wp\/v2\/pages\/368\/revisions\/1488"}],"wp:attachment":[{"href":"https:\/\/www.karate-berlin-2025.com\/en\/wp-json\/wp\/v2\/media?parent=368"}],"curies":[{"name":"wp","href":"https:\/\/api.w.org\/{rel}","templated":true}]}}